{"id":35,"date":"2023-07-06T13:54:39","date_gmt":"2023-07-06T10:54:39","guid":{"rendered":"http:\/\/www.perpo.com\/?page_id=35"},"modified":"2023-07-06T13:54:39","modified_gmt":"2023-07-06T10:54:39","slug":"seura","status":"publish","type":"page","link":"http:\/\/www.perpo.com\/?page_id=35","title":{"rendered":"Seura"},"content":{"rendered":"\n<p><strong>Perungan Pojat Ry<\/strong><\/p>\n\n\n\n<p><strong>V\u00e4in\u00e4m\u00f6isentie 46 A5<br>96300 Rovaniemi<\/strong><\/p>\n\n\n\n<p>Ota yhteytt\u00e4 s\u00e4hk\u00f6postitse: <a href=\"mailto:perpo47@gmail.com\" data-type=\"mailto\" data-id=\"mailto:perpo47@gmail.com\">perpo47 (\u00e4t) gmail.com<\/a><\/p>\n","protected":false},"excerpt":{"rendered":"<p>Perungan Pojat Ry V\u00e4in\u00e4m\u00f6isentie 46 A596300 Rovaniemi Ota yhteytt\u00e4 s\u00e4hk\u00f6postitse: perpo47 (\u00e4t) gmail.com<\/p>\n","protected":false},"author":1,"featured_media":0,"parent":0,"menu_order":0,"comment_status":"closed","ping_status":"closed","template":"","meta":{"footnotes":""},"class_list":["post-35","page","type-page","status-publish","hentry"],"_links":{"self":[{"href":"http:\/\/www.perpo.com\/index.php?rest_route=\/wp\/v2\/pages\/35","targetHints":{"allow":["GET"]}}],"collection":[{"href":"http:\/\/www.perpo.com\/index.php?rest_route=\/wp\/v2\/pages"}],"about":[{"href":"http:\/\/www.perpo.com\/index.php?rest_route=\/wp\/v2\/types\/page"}],"author":[{"embeddable":true,"href":"http:\/\/www.perpo.com\/index.php?rest_route=\/wp\/v2\/users\/1"}],"replies":[{"embeddable":true,"href":"http:\/\/www.perpo.com\/index.php?rest_route=%2Fwp%2Fv2%2Fcomments&post=35"}],"version-history":[{"count":1,"href":"http:\/\/www.perpo.com\/index.php?rest_route=\/wp\/v2\/pages\/35\/revisions"}],"predecessor-version":[{"id":36,"href":"http:\/\/www.perpo.com\/index.php?rest_route=\/wp\/v2\/pages\/35\/revisions\/36"}],"wp:attachment":[{"href":"http:\/\/www.perpo.com\/index.php?rest_route=%2Fwp%2Fv2%2Fmedia&parent=35"}],"curies":[{"name":"wp","href":"https:\/\/api.w.org\/{rel}","templated":true}]}}