{"id":8,"date":"2023-07-06T13:45:35","date_gmt":"2023-07-06T10:45:35","guid":{"rendered":"http:\/\/www.perpo.com\/?page_id=8"},"modified":"2024-04-02T13:30:00","modified_gmt":"2024-04-02T10:30:00","slug":"blogi","status":"publish","type":"page","link":"http:\/\/www.perpo.com\/?page_id=8","title":{"rendered":"Hiihto"},"content":{"rendered":"\n<p><a href=\"https:\/\/www.perpo.com\/?p=56\" data-type=\"post\" data-id=\"56\">P\u00e4\u00e4si\u00e4ishiihdot 2024<\/a><\/p>\n","protected":false},"excerpt":{"rendered":"<p>P\u00e4\u00e4si\u00e4ishiihdot 2024<\/p>\n","protected":false},"author":1,"featured_media":0,"parent":0,"menu_order":0,"comment_status":"closed","ping_status":"closed","template":"","meta":{"footnotes":""},"class_list":["post-8","page","type-page","status-publish","hentry"],"_links":{"self":[{"href":"http:\/\/www.perpo.com\/index.php?rest_route=\/wp\/v2\/pages\/8","targetHints":{"allow":["GET"]}}],"collection":[{"href":"http:\/\/www.perpo.com\/index.php?rest_route=\/wp\/v2\/pages"}],"about":[{"href":"http:\/\/www.perpo.com\/index.php?rest_route=\/wp\/v2\/types\/page"}],"author":[{"embeddable":true,"href":"http:\/\/www.perpo.com\/index.php?rest_route=\/wp\/v2\/users\/1"}],"replies":[{"embeddable":true,"href":"http:\/\/www.perpo.com\/index.php?rest_route=%2Fwp%2Fv2%2Fcomments&post=8"}],"version-history":[{"count":3,"href":"http:\/\/www.perpo.com\/index.php?rest_route=\/wp\/v2\/pages\/8\/revisions"}],"predecessor-version":[{"id":71,"href":"http:\/\/www.perpo.com\/index.php?rest_route=\/wp\/v2\/pages\/8\/revisions\/71"}],"wp:attachment":[{"href":"http:\/\/www.perpo.com\/index.php?rest_route=%2Fwp%2Fv2%2Fmedia&parent=8"}],"curies":[{"name":"wp","href":"https:\/\/api.w.org\/{rel}","templated":true}]}}